{"id":904,"date":"2011-11-09T13:32:25","date_gmt":"2011-11-09T20:32:25","guid":{"rendered":"http:\/\/theunspeakableoath.com\/home\/?page_id=904"},"modified":"2014-07-16T12:11:39","modified_gmt":"2014-07-16T18:11:39","slug":"reviews","status":"publish","type":"page","link":"http:\/\/theunspeakableoath.com\/home\/about\/reviews\/","title":{"rendered":"Reviews of The Unspeakable Oath"},"content":{"rendered":"<p>Reviews of\u00a0<em>The Unspeakable Oath<\/em> are in! We&#8217;ll add links to new reviews here as we find them.<\/p>\n<h1>TUO 18 Reviews<\/h1>\n<p><a href=\"http:\/\/dorkland.blogspot.com\/2011\/07\/lets-talk-about-unspeakable-oath-18.html\">Dorkland review by Christopher Helton<\/a><br \/>\n&#8220;The writer&#8217;s credits features a who&#8217;s who of some of the best and most knowledgeable Lovecraftian gaming writers outside of Chaosium itself.&#8221;<\/p>\n<p><a href=\"http:\/\/www.rpg.net\/reviews\/archive\/15\/15294.phtml\">RPG.net review by kafka<\/a><br \/>\n&#8220;Anyone remotely interested in Call of Cthulhu should be buying copies of TUO.&#8221;<\/p>\n<p><a href=\"http:\/\/gamecryer.com\/2011\/05\/27\/the-unspeakable-oath-18\/\">Game Cryer review by Ken Newquist<\/a><br \/>\n&#8220;The\u00a0<strong><em>Oath<\/em><\/strong>is steeped in atmosphere. It saturates every page, oozes from every story \u2013 and makes you want to recruit a new band of investigators in order to subject them to its horrors.&#8221;<\/p>\n<p><a href=\"http:\/\/bit.ly\/mhwJAx\">Mundo Tentacular review<\/a><br \/>\n\u201cIt&#8217;s not always what we see as an oath so unspeakable.\u00a0Simply indispensable.\u201d (via Google Translate.)<\/p>\n<p><a href=\"http:\/\/rlyehreviews.blogspot.com\/2010\/12\/reviving-unspeakable.html\">Pookie\u2019s Reviews from R\u2019lyeh<\/a><br \/>\n\u201cLong may the magazine continue its self-held high standards.\u201d<\/p>\n<p><a href=\"http:\/\/rptroll.blogspot.com\/2011\/01\/review-unspeakable-oath.html\">Tales from the Savage Troll review<\/a><br \/>\n\u201cThe contributors&#8217; love of the Mythos shows on every content-loaded page.\u201d<\/p>\n<p><a href=\"\u201dhttp:\/\/rpggeek.com\/thread\/638631\/return-of-the-oath-an-iron-review\u201d\">RPG Geek review<\/a><br \/>\n\u201cI wish the editors every success for a long life for the Resurrected publication.\u201d<\/p>\n<h1>TUO 19 Reviews<\/h1>\n<p><a href=\"http:\/\/translate.google.com\/translate?sl=pt&amp;tl=en&amp;js=n&amp;prev=_t&amp;hl=en&amp;ie=UTF-8&amp;layout=2&amp;eotf=1&amp;u=http:\/\/mundotentacular.blogspot.com.br\/2012\/06\/unspeakable-oath-19-resenha-da-revista.html&amp;act=url\">Mundo Tentacular review<\/a><br \/>\n&#8220;And so ends one more appearance of the legendary\u00a0<em>The Unspeakable Oath,<\/em> again living up to its reputation among fans of the Mythos.&#8221; (via Google Translate.)<\/p>\n<p><a href=\"http:\/\/www.rpg.net\/reviews\/archive\/15\/15294.phtml\">RPG.net review by kafka<\/a><br \/>\n&#8220;Anyone remotely interested in Call of Cthulhu should be buying copies of TUO.&#8221;<\/p>\n<h1>TUO 20 Reviews<\/h1>\n<p><a href=\"http:\/\/mundotentacular.blogspot.com.br\/2012\/12\/the-unspeakable-oath-resenha-do-numero.html\">Mundo Tentacular review<\/a><br \/>\n&#8220;Este tratado feito por David Hardy e Scott Glancy (com pontos semelhantes \u00e0 hist\u00f3ria dos Assamitas do\u00a0World of Darkness\u00a0) \u00e9 extremamente \u00fatil para o Keeper, seja para um cen\u00e1rio historicamente fiel, fantasia medieval ou envolvendo o Mythos de uma forma mais Pulp.&#8221;<\/p>\n<p><a href=\"http:\/\/roleplayerschronicle.com\/?p=26974\">Roleplayers Chronicle review by Aaron T. Huss<\/a><br \/>\n&#8220;Another excellent entry into\u00a0<em>The Unspeakable Oath<\/em> library.&#8221;<\/p>\n<p><a href=\"http:\/\/diehardgamefan.com\/2011\/07\/15\/tabletop-review-the-unspeakable-oath-20\/\">Diehard Gamefan review by Alex Lucard<\/a><br \/>\n&#8220;All in all, this was a good read and I\u2019m sure I\u2019ll be back next quarter with the review of issue #21.&#8221;<\/p>\n<p><em>(Editor&#8217;s note: Some of the errors brought up in Mr. Lucard&#8217;s review were in an early PDF release and were corrected before going to press.)<\/em><\/p>\n<p><a href=\"http:\/\/www.rpg.net\/reviews\/archive\/15\/15424.phtml\">RPG.net review by kafka<\/a><br \/>\n&#8220;What stands out with Unspeakable Oath is that near always it is consistently very good to excellent; and issue number 20 is no exception to the rule.&#8221;<\/p>\n<h1>TUO 21 Reviews<\/h1>\n<p><a href=\"http:\/\/dreamsinthelichhouse.blogspot.com\/2013\/03\/speaking-about-unspeakable-oath-issues.html\">Dreams in the Lich House review<\/a><br \/>\n&#8220;&#8216;Sukapak&#8217; is an atmospheric wilderness jaunt in a remote fastness; there&#8217;s a lot of ambiguity around what&#8217;s actually going on, but the scenario is menacing and disturbing (and could port well to other genres, too).&#8221;<\/p>\n<p><a href=\"http:\/\/roleplayerschronicle.com\/?p=29650\">Roleplayers Chronicle review by Aaron Huss<\/a><br \/>\n&#8220;This issue presents a number of great scenarios and tools for the Keeper to create their own great scenarios.&#8221;<\/p>\n<p><a href=\"http:\/\/www.rpg.net\/reviews\/archive\/15\/15709.phtml\">RPG.net review by kafka<\/a><br \/>\n&#8220;This <em>Unspeakable Oath<\/em> pulls its weight and the adventures make it worth its weight in gold.&#8221;<\/p>\n<p><a href=\"http:\/\/www.robotviking.com\/2012\/08\/10\/the-unspeakable-oath-issue-21-invites-eldritch-horrors-into-your-cthulhu-campaigns\/\">Robot Viking review by Ed Grabianowski<\/a><br \/>\n&#8220;It&#8217;s\u00a0packed with weird and horrific materials for Lovecraftian adventures.&#8221;<\/p>\n<p><a href=\"http:\/\/diehardgamefan.com\/2012\/08\/10\/tabletop-review-the-unspeakable-oath-issue-21\/\">Diehard Gamefan review by Alex Lucard<\/a><br \/>\n&#8220;It\u2019s well worth your money to buy this issue &#8230; just for this adventure (&#8216;The Man With a Thousand Faces&#8217;). The fact the vast majority of the issue is quality as well is just a bonus.&#8221;<\/p>\n<p><a href=\"http:\/\/rpggeek.com\/thread\/851260\/the-return-of-the-oath-a-real-fiasco\">RPGGeek review by Eric Dodd<\/a><br \/>\n&#8220;It\u00a0(&#8216;The Man With a Thousand Faces&#8217;) was great fun to read, with an impressive atmosphere, a sad back story and memorable characters \u2014 worth waiting a year for!&#8221;<\/p>\n<h1>TUO 22 Reviews<\/h1>\n<p><a href=\"http:\/\/dreamsinthelichhouse.blogspot.com\/2013\/03\/speaking-about-unspeakable-oath-issues.html\">Dreams in the Lich House review<\/a><br \/>\n&#8220;Issue 22 features a cool monster, the China Doll, a living doll-face that grafts itself to a victim, as tendrils from the mask burrow into the victim&#8217;s brain and turn the victim into a puppet. \u00a0I&#8217;m stealing that one, for sure.&#8221;<\/p>\n<p><a href=\"http:\/\/diehardgamefan.com\/2013\/02\/25\/tabletop-review-the-unspeakable-oath-issue-22-call-of-cthulhu-trail-of-cthulhu-cthulhu-dark-delta-green\/\">Diehard GameFAN review by Alex Lucard<\/a><br \/>\n&#8220;As always,\u00a0<i>The Unspeakable Oath<\/i>is, pound for pound, the best gaming magazine today\u00a0and it\u2019s well worth spending five to ten dollars on.&#8221;<\/p>\n<p><a href=\"http:\/\/www.rpg.net\/reviews\/archive\/15\/15869.phtml\">RPGnet review by kafka<\/a><br \/>\n&#8220;This issue is a little heavy on <em>Trail of Cthulhu<\/em> (even if it is not mentioned by name) rather [than] BRP.&#8221;<\/p>\n<h1>TUO 23 Reviews<\/h1>\n<p><a href=\"http:\/\/diehardgamefan.com\/2013\/08\/14\/tabletop-review-the-unspeakable-oath-issue-23-call-of-cthulhu\/\">Diehard GameFAN review by Alex Lucard<\/a><br \/>\n&#8220;If you\u2019re a fan of horror tabletop gaming and especially\u00a0<i>Call of Cthulhu<\/i>, then you really should be picking these magazines up.&#8221;<\/p>\n<p><a href=\"http:\/\/www.rpg.net\/reviews\/archive\/15\/15999.phtml\">RPG.net review by kafka<\/a><br \/>\n&#8220;By far is one of the best scenarios that I have read in a long time.&#8221;<\/p>\n<h1>TUO 24 Reviews<\/h1>\n<p><a href=\"http:\/\/diehardgamefan.com\/2014\/07\/16\/tabletop-review-the-unspeakable-oath-issue-24-call-of-cthulhu-delta-green\/\">Diehard GameFAN review by Alex Lucard<\/a><br \/>\n&#8220;Jam-packed with excellent story seeds, adventures and ideas that will make your\u00a0<i style=\"color: #000000;\">Call of Cthulhu<\/i>\u00a0or\u00a0<i style=\"color: #000000;\">Delta Green<\/i>\u00a0campaign all the weirder.&#8221;<\/p>\n","protected":false},"excerpt":{"rendered":"<p>Reviews of\u00a0The Unspeakable Oath are in! We&#8217;ll add links to new reviews here as we find them. TUO 18 Reviews Dorkland review by Christopher Helton &#8220;The writer&#8217;s credits features a who&#8217;s who of some of the best and most knowledgeable&hellip;<\/p>\n<p class=\"more-link-p\"><a class=\"more-link\" href=\"http:\/\/theunspeakableoath.com\/home\/about\/reviews\/\">Read more &rarr;<\/a><\/p>\n","protected":false},"author":1,"featured_media":0,"parent":2,"menu_order":0,"comment_status":"open","ping_status":"closed","template":"","meta":{"jetpack_post_was_ever_published":false,"footnotes":""},"class_list":["post-904","page","type-page","status-publish","hentry"],"jetpack_shortlink":"https:\/\/wp.me\/P2OyM1-eA","jetpack_sharing_enabled":true,"jetpack_likes_enabled":true,"_links":{"self":[{"href":"http:\/\/theunspeakableoath.com\/home\/wp-json\/wp\/v2\/pages\/904","targetHints":{"allow":["GET"]}}],"collection":[{"href":"http:\/\/theunspeakableoath.com\/home\/wp-json\/wp\/v2\/pages"}],"about":[{"href":"http:\/\/theunspeakableoath.com\/home\/wp-json\/wp\/v2\/types\/page"}],"author":[{"embeddable":true,"href":"http:\/\/theunspeakableoath.com\/home\/wp-json\/wp\/v2\/users\/1"}],"replies":[{"embeddable":true,"href":"http:\/\/theunspeakableoath.com\/home\/wp-json\/wp\/v2\/comments?post=904"}],"version-history":[{"count":16,"href":"http:\/\/theunspeakableoath.com\/home\/wp-json\/wp\/v2\/pages\/904\/revisions"}],"predecessor-version":[{"id":1666,"href":"http:\/\/theunspeakableoath.com\/home\/wp-json\/wp\/v2\/pages\/904\/revisions\/1666"}],"up":[{"embeddable":true,"href":"http:\/\/theunspeakableoath.com\/home\/wp-json\/wp\/v2\/pages\/2"}],"wp:attachment":[{"href":"http:\/\/theunspeakableoath.com\/home\/wp-json\/wp\/v2\/media?parent=904"}],"curies":[{"name":"wp","href":"https:\/\/api.w.org\/{rel}","templated":true}]}}